{"id":3333,"date":"2026-02-03T15:26:21","date_gmt":"2026-02-03T18:26:21","guid":{"rendered":"https:\/\/techvida.com.br\/propositions\/"},"modified":"2026-02-03T15:44:10","modified_gmt":"2026-02-03T18:44:10","slug":"propositions","status":"publish","type":"page","link":"https:\/\/techvida.com.br\/fr\/propositions\/","title":{"rendered":"Propositions"},"content":{"rendered":"\t\t<div data-elementor-type=\"wp-page\" data-elementor-id=\"3333\" class=\"elementor elementor-3333 elementor-3307\" data-elementor-post-type=\"page\">\n\t\t\t\t<div class=\"elementor-element elementor-element-cd95648 e-con-full e-flex e-con e-parent\" data-id=\"cd95648\" data-element_type=\"container\" data-settings=\"{&quot;background_background&quot;:&quot;classic&quot;}\">\n\t\t<div class=\"elementor-element elementor-element-a442302 e-flex e-con-boxed e-con e-child\" data-id=\"a442302\" data-element_type=\"container\" data-settings=\"{&quot;background_background&quot;:&quot;classic&quot;}\">\n\t\t\t\t\t<div class=\"e-con-inner\">\n\t\t<div class=\"elementor-element elementor-element-a2ecb91 e-con-full e-flex e-con e-child\" data-id=\"a2ecb91\" data-element_type=\"container\">\n\t\t\t\t<div class=\"elementor-element elementor-element-39d71e6 elementor-invisible elementor-widget elementor-widget-heading\" data-id=\"39d71e6\" data-element_type=\"widget\" data-settings=\"{&quot;_animation&quot;:&quot;fadeIn&quot;}\" data-widget_type=\"heading.default\">\n\t\t\t\t<div class=\"elementor-widget-container\">\n\t\t\t\t\t<h2 class=\"elementor-heading-title elementor-size-default\">Propositions<\/h2>\t\t\t\t<\/div>\n\t\t\t\t<\/div>\n\t\t\t\t<\/div>\n\t\t\t\t\t<\/div>\n\t\t\t\t<\/div>\n\t\t\t\t<\/div>\n\t\t<div class=\"elementor-element elementor-element-21b2cb3 e-flex e-con-boxed e-con e-parent\" data-id=\"21b2cb3\" data-element_type=\"container\">\n\t\t\t\t\t<div class=\"e-con-inner\">\n\t\t\t\t<div class=\"elementor-element elementor-element-1e2d86d elementor-widget elementor-widget-text-editor\" data-id=\"1e2d86d\" data-element_type=\"widget\" data-widget_type=\"text-editor.default\">\n\t\t\t\t<div class=\"elementor-widget-container\">\n\t\t\t\t\t\t\t\t\t<p>Vous trouverez ci-dessous une liste et des r\u00e9sum\u00e9s des propositions soumises par Techvida dans le cadre d&rsquo;appels \u00e0 propositions publics.<\/p><p>Cette section est destin\u00e9e \u00e0 r\u00e9pondre aux exigences l\u00e9gales de transparence et \u00e0 faciliter le suivi de nos activit\u00e9s avec les organismes publics.<\/p>\t\t\t\t\t\t\t\t<\/div>\n\t\t\t\t<\/div>\n\t\t\t\t<div class=\"elementor-element elementor-element-ef2aaee elementor-widget elementor-widget-tp-accordion\" data-id=\"ef2aaee\" data-element_type=\"widget\" data-widget_type=\"tp-accordion.default\">\n\t\t\t\t<div class=\"elementor-widget-container\">\n\t\t\t\t\t\n<div class=\"theplus-accordion-wrapper elementor-accordion  hover-style-2 \"\n    id=\"accordion69e9f18b5a861\" data-accordion-id=\"accordion69e9f18b5a861\"\n    data-connection=\"\"\n    data-accordion-type=\"accordion\"\n    data-heightlight-text       role=\"tablist\" >\n\n            <div class=\"theplus-accordion-item\"  role=\"tab\">\n            <div id=\"elementor-tab-title-2501\" class=\"elementor-tab-title plus-accordion-header active-default text-left \" data-tab=\"1\" aria-controls=\"elementor-tab-content-2501\">\n                                \n                <span style=\"width:100%\">SES-GO 2026<\/span>                <span class=\"elementor-accordion-icon elementor-accordion-icon-right\" aria-hidden=\"true\"><i class=\"elementor-accordion-icon-closed fa fa-plus\"><\/i><i class=\"elementor-accordion-icon-opened fa fa-minus\"><\/i><\/span>            <\/div>\n\n                        <div id=\"elementor-tab-content-2501\" class=\"elementor-tab-content elementor-clearfix plus-accordion-content active-default \" data-tab=\"1\" role=\"tabpanel\" aria-labelledby=\"elementor-tab-title-2501\">\n                <div class=\"plus-content-editor\" ><p><strong>R\u00e9sum\u00e9 de la proposition de TechVida :<\/strong><\/p>\n<p>La proposition de TechVida rel\u00e8ve le d\u00e9fi de l&rsquo;extension de la notification automatique et rapide des d\u00e9c\u00e8s par arr\u00eat cardiaque pouvant donner lieu \u00e0 un don de corn\u00e9e \u00e0 Goi\u00e1s en se concentrant sur le principal goulet d&rsquo;\u00e9tranglement de la cha\u00eene : le temps n\u00e9cessaire \u00e0 l&rsquo;arriv\u00e9e de l&rsquo;information. Le document souligne que la fen\u00eatre utile de six heures pour l&rsquo;approvisionnement est souvent manqu\u00e9e en raison d&rsquo;un manque de normalisation des flux de notification, d&rsquo;une int\u00e9gration limit\u00e9e entre les syst\u00e8mes et d&rsquo;une formation insuffisante des professionnels. Ces d\u00e9faillances entra\u00eenent une sous-d\u00e9claration, des pertes r\u00e9currentes de tissus viables et une augmentation de la file d&rsquo;attente pour les transplantations.  <\/p>\n<p>Pour transformer ce sc\u00e9nario, la solution propose une plateforme intelligente, int\u00e9gr\u00e9e et s\u00e9curis\u00e9e qui pr\u00e9dit, d\u00e9tecte et notifie automatiquement les d\u00e9c\u00e8s. Contrairement aux approches r\u00e9actives, elle utilise un module pr\u00e9dictif pour estimer le risque d&rsquo;arr\u00eat cardio-respiratoire quelques minutes ou quelques heures avant l&rsquo;\u00e9v\u00e9nement, prolongeant ainsi la fen\u00eatre utile pour la capture et permettant \u00e0 la banque d&rsquo;yeux, aux OPO et aux \u00e9quipes hospitali\u00e8res d&rsquo;\u00eatre activ\u00e9s \u00e0 l&rsquo;avance. Le syst\u00e8me s&rsquo;int\u00e8gre aux syst\u00e8mes de sant\u00e9 existants (h\u00f4pitaux publics et priv\u00e9s, IML, SVO, SIDOAR et le Centre de transplantation) en utilisant des normes consolid\u00e9es telles que HL7 FHIR, harmonisant les donn\u00e9es h\u00e9t\u00e9rog\u00e8nes, validant les crit\u00e8res d&rsquo;\u00e9ligibilit\u00e9 et transmettant des notifications standardis\u00e9es et tra\u00e7ables.  <\/p>\n<p>Outre l&rsquo;automatisation des flux, la plateforme adopte une architecture \u00e9v\u00e9nementielle et int\u00e8gre des m\u00e9canismes de s\u00e9curit\u00e9 robustes : cryptage de bout en bout, architecture z\u00e9ro confiance, anonymisation et pistes d&rsquo;audit immuables, garantissant la conformit\u00e9 avec la LGPD et une transparence totale. Les objectifs sp\u00e9cifiques comprennent la r\u00e9duction du d\u00e9lai entre le d\u00e9c\u00e8s et la notification, la standardisation des flux \u00e0 travers le r\u00e9seau, l&rsquo;augmentation de l&rsquo;identification des donneurs potentiels et la cr\u00e9ation d&rsquo;une base de donn\u00e9es structur\u00e9e pour l&rsquo;analyse et l&rsquo;am\u00e9lioration continue. La proposition se distingue \u00e9galement par son \u00e9volutivit\u00e9, sa r\u00e9silience et sa capacit\u00e9 d&rsquo;adaptation \u00e0 d&rsquo;autres formes de notification sanitaire critique, ce qui facilitera son extension \u00e0 de nouveaux \u00c9tats ou \u00e0 d&rsquo;autres types de transplantation.  <\/p>\n<p>En r\u00e9sum\u00e9, TechVida offre une solution qui remplace les processus fragment\u00e9s et manuels par un \u00e9cosyst\u00e8me proactif, int\u00e9gr\u00e9 et contr\u00f4lable, avec un impact direct sur l&rsquo;efficacit\u00e9 op\u00e9rationnelle et la r\u00e9duction de la liste d&rsquo;attente pour les greffes de corn\u00e9e, sans n\u00e9cessiter l&rsquo;adoption de nouvelles applications ou des perturbations dans les syst\u00e8mes existants.<\/p>\n<\/div>\n            <\/div>\n                    <\/div>\n        \n<\/div>\n\t\t\t\t<\/div>\n\t\t\t\t<\/div>\n\t\t\t\t\t<\/div>\n\t\t\t\t<\/div>\n\t\t\t\t<\/div>\n\t\t","protected":false},"excerpt":{"rendered":"<p>Propositions Vous trouverez ci-dessous une liste et des r\u00e9sum\u00e9s des propositions soumises par Techvida dans le cadre d&rsquo;appels \u00e0 propositions publics. Cette section est destin\u00e9e \u00e0 r\u00e9pondre aux exigences l\u00e9gales de transparence et \u00e0 faciliter le suivi de nos activit\u00e9s avec les organismes publics. SES-GO 2026 R\u00e9sum\u00e9 de la proposition de TechVida : La proposition [&hellip;]<\/p>\n","protected":false},"author":1,"featured_media":0,"parent":0,"menu_order":0,"comment_status":"closed","ping_status":"closed","template":"","meta":{"_lmt_disableupdate":"","_lmt_disable":"","footnotes":""},"class_list":["post-3333","page","type-page","status-publish","hentry"],"_links":{"self":[{"href":"https:\/\/techvida.com.br\/fr\/wp-json\/wp\/v2\/pages\/3333","targetHints":{"allow":["GET"]}}],"collection":[{"href":"https:\/\/techvida.com.br\/fr\/wp-json\/wp\/v2\/pages"}],"about":[{"href":"https:\/\/techvida.com.br\/fr\/wp-json\/wp\/v2\/types\/page"}],"author":[{"embeddable":true,"href":"https:\/\/techvida.com.br\/fr\/wp-json\/wp\/v2\/users\/1"}],"replies":[{"embeddable":true,"href":"https:\/\/techvida.com.br\/fr\/wp-json\/wp\/v2\/comments?post=3333"}],"version-history":[{"count":1,"href":"https:\/\/techvida.com.br\/fr\/wp-json\/wp\/v2\/pages\/3333\/revisions"}],"predecessor-version":[{"id":3334,"href":"https:\/\/techvida.com.br\/fr\/wp-json\/wp\/v2\/pages\/3333\/revisions\/3334"}],"wp:attachment":[{"href":"https:\/\/techvida.com.br\/fr\/wp-json\/wp\/v2\/media?parent=3333"}],"curies":[{"name":"wp","href":"https:\/\/api.w.org\/{rel}","templated":true}]}}