{"id":2855,"date":"2026-01-16T12:01:43","date_gmt":"2026-01-16T15:01:43","guid":{"rendered":"https:\/\/techvida.com.br\/differentiels\/"},"modified":"2026-02-02T17:59:43","modified_gmt":"2026-02-02T20:59:43","slug":"differentiels","status":"publish","type":"page","link":"https:\/\/techvida.com.br\/fr\/differentiels\/","title":{"rendered":"Diff\u00e9rentiels"},"content":{"rendered":"\t\t<div data-elementor-type=\"wp-page\" data-elementor-id=\"2855\" class=\"elementor elementor-2855 elementor-1508\" data-elementor-post-type=\"page\">\n\t\t\t\t<div class=\"elementor-element elementor-element-dc1e2e1 e-con-full e-flex e-con e-parent\" data-id=\"dc1e2e1\" data-element_type=\"container\" data-settings=\"{&quot;background_background&quot;:&quot;classic&quot;}\">\n\t\t<div class=\"elementor-element elementor-element-f6b6441 e-flex e-con-boxed e-con e-child\" data-id=\"f6b6441\" data-element_type=\"container\" data-settings=\"{&quot;background_background&quot;:&quot;classic&quot;}\">\n\t\t\t\t\t<div class=\"e-con-inner\">\n\t\t<div class=\"elementor-element elementor-element-4a85f8c e-con-full e-flex e-con e-child\" data-id=\"4a85f8c\" data-element_type=\"container\">\n\t\t\t\t<div class=\"elementor-element elementor-element-9f976c4 elementor-invisible elementor-widget elementor-widget-heading\" data-id=\"9f976c4\" data-element_type=\"widget\" data-settings=\"{&quot;_animation&quot;:&quot;fadeIn&quot;}\" data-widget_type=\"heading.default\">\n\t\t\t\t<div class=\"elementor-widget-container\">\n\t\t\t\t\t<h2 class=\"elementor-heading-title elementor-size-default\">Diff\u00e9rentiels<\/h2>\t\t\t\t<\/div>\n\t\t\t\t<\/div>\n\t\t\t\t<\/div>\n\t\t\t\t\t<\/div>\n\t\t\t\t<\/div>\n\t\t\t\t<\/div>\n\t\t<div class=\"elementor-element elementor-element-35e8d22 e-flex e-con-boxed e-con e-parent\" data-id=\"35e8d22\" data-element_type=\"container\" data-settings=\"{&quot;background_background&quot;:&quot;classic&quot;}\">\n\t\t\t\t\t<div class=\"e-con-inner\">\n\t\t\t\t<div class=\"elementor-element elementor-element-3355c42 elementor-widget elementor-widget-text-editor\" data-id=\"3355c42\" data-element_type=\"widget\" data-widget_type=\"text-editor.default\">\n\t\t\t\t<div class=\"elementor-widget-container\">\n\t\t\t\t\t\t\t\t\tNous pensons que transformer la sant\u00e9, c&rsquo;est transformer la vie. C&rsquo;est pourquoi nous nous positionnons en int\u00e9grant l&rsquo;innovation technologique \u00e0 l&rsquo;objectif social \u00e0 chaque \u00e9tape du parcours de soins.\t\t\t\t\t\t\t\t<\/div>\n\t\t\t\t<\/div>\n\t\t<div class=\"elementor-element elementor-element-03e8b93 e-con-full e-flex e-con e-child\" data-id=\"03e8b93\" data-element_type=\"container\">\n\t\t<div class=\"elementor-element elementor-element-7cc3b14 e-con-full e-flex e-con e-child\" data-id=\"7cc3b14\" data-element_type=\"container\" data-settings=\"{&quot;background_background&quot;:&quot;classic&quot;}\">\n\t\t\t\t<div class=\"elementor-element elementor-element-5e3f1a0 elementor-widget elementor-widget-image\" data-id=\"5e3f1a0\" data-element_type=\"widget\" data-widget_type=\"image.default\">\n\t\t\t\t<div class=\"elementor-widget-container\">\n\t\t\t\t\t\t\t\t\t\t\t\t\t\t\t<img fetchpriority=\"high\" decoding=\"async\" width=\"500\" height=\"500\" src=\"https:\/\/techvida.com.br\/wp-content\/uploads\/2026\/01\/interopera-01.gif\" class=\"attachment-large size-large wp-image-2850\" alt=\"\" \/>\t\t\t\t\t\t\t\t\t\t\t\t\t\t\t<\/div>\n\t\t\t\t<\/div>\n\t\t\t\t<div class=\"elementor-element elementor-element-36eabcb elementor-widget elementor-widget-heading\" data-id=\"36eabcb\" data-element_type=\"widget\" data-widget_type=\"heading.default\">\n\t\t\t\t<div class=\"elementor-widget-container\">\n\t\t\t\t\t<h2 class=\"elementor-heading-title elementor-size-default\">Interop\u00e9rabilit\u00e9  <\/h2>\t\t\t\t<\/div>\n\t\t\t\t<\/div>\n\t\t\t\t<div class=\"elementor-element elementor-element-2439069 elementor-widget__width-initial elementor-widget elementor-widget-text-editor\" data-id=\"2439069\" data-element_type=\"widget\" data-widget_type=\"text-editor.default\">\n\t\t\t\t<div class=\"elementor-widget-container\">\n\t\t\t\t\t\t\t\t\tRespect des normes nationales d&rsquo;interop\u00e9rabilit\u00e9 et de s\u00e9curit\u00e9 (e-SUS, LGPD).\t\t\t\t\t\t\t\t<\/div>\n\t\t\t\t<\/div>\n\t\t\t\t<\/div>\n\t\t<div class=\"elementor-element elementor-element-958e0a3 e-con-full e-flex e-con e-child\" data-id=\"958e0a3\" data-element_type=\"container\" data-settings=\"{&quot;background_background&quot;:&quot;classic&quot;}\">\n\t\t\t\t<div class=\"elementor-element elementor-element-11e6b3d elementor-widget elementor-widget-image\" data-id=\"11e6b3d\" data-element_type=\"widget\" data-widget_type=\"image.default\">\n\t\t\t\t<div class=\"elementor-widget-container\">\n\t\t\t\t\t\t\t\t\t\t\t\t\t\t\t<img decoding=\"async\" width=\"500\" height=\"500\" src=\"https:\/\/techvida.com.br\/wp-content\/uploads\/2026\/01\/estrategia-01.gif\" class=\"attachment-large size-large wp-image-2851\" alt=\"\" \/>\t\t\t\t\t\t\t\t\t\t\t\t\t\t\t<\/div>\n\t\t\t\t<\/div>\n\t\t\t\t<div class=\"elementor-element elementor-element-1d79270 elementor-widget elementor-widget-heading\" data-id=\"1d79270\" data-element_type=\"widget\" data-widget_type=\"heading.default\">\n\t\t\t\t<div class=\"elementor-widget-container\">\n\t\t\t\t\t<h2 class=\"elementor-heading-title elementor-size-default\">Articulation strat\u00e9gique<\/h2>\t\t\t\t<\/div>\n\t\t\t\t<\/div>\n\t\t\t\t<div class=\"elementor-element elementor-element-21b8823 elementor-widget__width-initial elementor-widget elementor-widget-text-editor\" data-id=\"21b8823\" data-element_type=\"widget\" data-widget_type=\"text-editor.default\">\n\t\t\t\t<div class=\"elementor-widget-container\">\n\t\t\t\t\t\t\t\t\tLien entre les universit\u00e9s, les entreprises et les gestionnaires publics, favorisant le transfert de connaissances.\t\t\t\t\t\t\t\t<\/div>\n\t\t\t\t<\/div>\n\t\t\t\t<\/div>\n\t\t\t\t<\/div>\n\t\t<div class=\"elementor-element elementor-element-b3fabbe e-con-full e-flex e-con e-child\" data-id=\"b3fabbe\" data-element_type=\"container\">\n\t\t<div class=\"elementor-element elementor-element-deb20a7 e-con-full e-flex e-con e-child\" data-id=\"deb20a7\" data-element_type=\"container\" data-settings=\"{&quot;background_background&quot;:&quot;classic&quot;}\">\n\t\t\t\t<div class=\"elementor-element elementor-element-2ff3208 elementor-widget elementor-widget-image\" data-id=\"2ff3208\" data-element_type=\"widget\" data-widget_type=\"image.default\">\n\t\t\t\t<div class=\"elementor-widget-container\">\n\t\t\t\t\t\t\t\t\t\t\t\t\t\t\t<img decoding=\"async\" width=\"500\" height=\"500\" src=\"https:\/\/techvida.com.br\/wp-content\/uploads\/2026\/01\/validacao-01.gif\" class=\"attachment-large size-large wp-image-2852\" alt=\"\" \/>\t\t\t\t\t\t\t\t\t\t\t\t\t\t\t<\/div>\n\t\t\t\t<\/div>\n\t\t\t\t<div class=\"elementor-element elementor-element-c24a6c6 elementor-widget elementor-widget-heading\" data-id=\"c24a6c6\" data-element_type=\"widget\" data-widget_type=\"heading.default\">\n\t\t\t\t<div class=\"elementor-widget-container\">\n\t\t\t\t\t<h2 class=\"elementor-heading-title elementor-size-default\">Validation en environnement r\u00e9el<\/h2>\t\t\t\t<\/div>\n\t\t\t\t<\/div>\n\t\t\t\t<div class=\"elementor-element elementor-element-1bf62de elementor-widget__width-initial elementor-widget elementor-widget-text-editor\" data-id=\"1bf62de\" data-element_type=\"widget\" data-widget_type=\"text-editor.default\">\n\t\t\t\t<div class=\"elementor-widget-container\">\n\t\t\t\t\t\t\t\t\tTester et mettre en \u0153uvre des solutions dans des contextes de soins de sant\u00e9 r\u00e9els.\t\t\t\t\t\t\t\t<\/div>\n\t\t\t\t<\/div>\n\t\t\t\t<\/div>\n\t\t<div class=\"elementor-element elementor-element-0cb8d5a e-con-full e-flex e-con e-child\" data-id=\"0cb8d5a\" data-element_type=\"container\" data-settings=\"{&quot;background_background&quot;:&quot;classic&quot;}\">\n\t\t\t\t<div class=\"elementor-element elementor-element-cd92a1d elementor-widget elementor-widget-image\" data-id=\"cd92a1d\" data-element_type=\"widget\" data-widget_type=\"image.default\">\n\t\t\t\t<div class=\"elementor-widget-container\">\n\t\t\t\t\t\t\t\t\t\t\t\t\t\t\t<img loading=\"lazy\" decoding=\"async\" width=\"500\" height=\"500\" src=\"https:\/\/techvida.com.br\/wp-content\/uploads\/2026\/01\/equipe-01.gif\" class=\"attachment-large size-large wp-image-2853\" alt=\"\" \/>\t\t\t\t\t\t\t\t\t\t\t\t\t\t\t<\/div>\n\t\t\t\t<\/div>\n\t\t\t\t<div class=\"elementor-element elementor-element-8c51fa5 elementor-widget elementor-widget-heading\" data-id=\"8c51fa5\" data-element_type=\"widget\" data-widget_type=\"heading.default\">\n\t\t\t\t<div class=\"elementor-widget-container\">\n\t\t\t\t\t<h2 class=\"elementor-heading-title elementor-size-default\">\u00c9quipe pluridisciplinaire<\/h2>\t\t\t\t<\/div>\n\t\t\t\t<\/div>\n\t\t\t\t<div class=\"elementor-element elementor-element-ddf8433 elementor-widget__width-initial elementor-widget elementor-widget-text-editor\" data-id=\"ddf8433\" data-element_type=\"widget\" data-widget_type=\"text-editor.default\">\n\t\t\t\t<div class=\"elementor-widget-container\">\n\t\t\t\t\t\t\t\t\tDes professionnels dot\u00e9s d&rsquo;une vaste exp\u00e9rience dans les domaines de la science, de la technologie, de l&rsquo;innovation et de la sant\u00e9, dont la diversit\u00e9 des connaissances et des parcours transforme le savoir en solutions num\u00e9riques ayant un impact social, promouvant ainsi des syst\u00e8mes de sant\u00e9 plus \u00e9quitables, plus intelligents et plus durables.\t\t\t\t\t\t\t\t<\/div>\n\t\t\t\t<\/div>\n\t\t\t\t<\/div>\n\t\t\t\t<\/div>\n\t\t\t\t\t<\/div>\n\t\t\t\t<\/div>\n\t\t\t\t<\/div>\n\t\t","protected":false},"excerpt":{"rendered":"<p>Diff\u00e9rentiels Nous pensons que transformer la sant\u00e9, c&rsquo;est transformer la vie. C&rsquo;est pourquoi nous nous positionnons en int\u00e9grant l&rsquo;innovation technologique \u00e0 l&rsquo;objectif social \u00e0 chaque \u00e9tape du parcours de soins. Interop\u00e9rabilit\u00e9 Respect des normes nationales d&rsquo;interop\u00e9rabilit\u00e9 et de s\u00e9curit\u00e9 (e-SUS, LGPD). Articulation strat\u00e9gique Lien entre les universit\u00e9s, les entreprises et les gestionnaires publics, favorisant le [&hellip;]<\/p>\n","protected":false},"author":1,"featured_media":0,"parent":0,"menu_order":0,"comment_status":"closed","ping_status":"closed","template":"","meta":{"_lmt_disableupdate":"","_lmt_disable":"","footnotes":""},"class_list":["post-2855","page","type-page","status-publish","hentry"],"_links":{"self":[{"href":"https:\/\/techvida.com.br\/fr\/wp-json\/wp\/v2\/pages\/2855","targetHints":{"allow":["GET"]}}],"collection":[{"href":"https:\/\/techvida.com.br\/fr\/wp-json\/wp\/v2\/pages"}],"about":[{"href":"https:\/\/techvida.com.br\/fr\/wp-json\/wp\/v2\/types\/page"}],"author":[{"embeddable":true,"href":"https:\/\/techvida.com.br\/fr\/wp-json\/wp\/v2\/users\/1"}],"replies":[{"embeddable":true,"href":"https:\/\/techvida.com.br\/fr\/wp-json\/wp\/v2\/comments?post=2855"}],"version-history":[{"count":1,"href":"https:\/\/techvida.com.br\/fr\/wp-json\/wp\/v2\/pages\/2855\/revisions"}],"predecessor-version":[{"id":2858,"href":"https:\/\/techvida.com.br\/fr\/wp-json\/wp\/v2\/pages\/2855\/revisions\/2858"}],"wp:attachment":[{"href":"https:\/\/techvida.com.br\/fr\/wp-json\/wp\/v2\/media?parent=2855"}],"curies":[{"name":"wp","href":"https:\/\/api.w.org\/{rel}","templated":true}]}}