{"id":3109,"date":"2026-01-16T12:01:43","date_gmt":"2026-01-16T15:01:43","guid":{"rendered":"https:\/\/techvida.com.br\/diferenciales\/"},"modified":"2026-02-27T15:13:11","modified_gmt":"2026-02-27T18:13:11","slug":"diferenciales","status":"publish","type":"page","link":"https:\/\/techvida.com.br\/es\/diferenciales\/","title":{"rendered":"Diferenciales"},"content":{"rendered":"\t\t<div data-elementor-type=\"wp-page\" data-elementor-id=\"3109\" class=\"elementor elementor-3109 elementor-1508\" data-elementor-post-type=\"page\">\n\t\t\t\t<div class=\"elementor-element elementor-element-dc1e2e1 e-con-full e-flex e-con e-parent\" data-id=\"dc1e2e1\" data-element_type=\"container\" data-settings=\"{&quot;background_background&quot;:&quot;classic&quot;}\">\n\t\t<div class=\"elementor-element elementor-element-f6b6441 e-flex e-con-boxed e-con e-child\" data-id=\"f6b6441\" data-element_type=\"container\" data-settings=\"{&quot;background_background&quot;:&quot;classic&quot;}\">\n\t\t\t\t\t<div class=\"e-con-inner\">\n\t\t<div class=\"elementor-element elementor-element-4a85f8c e-con-full e-flex e-con e-child\" data-id=\"4a85f8c\" data-element_type=\"container\">\n\t\t\t\t<div class=\"elementor-element elementor-element-9f976c4 elementor-invisible elementor-widget elementor-widget-heading\" data-id=\"9f976c4\" data-element_type=\"widget\" data-settings=\"{&quot;_animation&quot;:&quot;fadeIn&quot;}\" data-widget_type=\"heading.default\">\n\t\t\t\t<div class=\"elementor-widget-container\">\n\t\t\t\t\t<h2 class=\"elementor-heading-title elementor-size-default\">Diferenciales<\/h2>\t\t\t\t<\/div>\n\t\t\t\t<\/div>\n\t\t\t\t<\/div>\n\t\t\t\t\t<\/div>\n\t\t\t\t<\/div>\n\t\t\t\t<\/div>\n\t\t<div class=\"elementor-element elementor-element-35e8d22 e-flex e-con-boxed e-con e-parent\" data-id=\"35e8d22\" data-element_type=\"container\" data-settings=\"{&quot;background_background&quot;:&quot;classic&quot;}\">\n\t\t\t\t\t<div class=\"e-con-inner\">\n\t\t\t\t<div class=\"elementor-element elementor-element-3355c42 elementor-widget elementor-widget-text-editor\" data-id=\"3355c42\" data-element_type=\"widget\" data-widget_type=\"text-editor.default\">\n\t\t\t\t<div class=\"elementor-widget-container\">\n\t\t\t\t\t\t\t\t\tCreemos que transformar la&nbsp;salud es transformar vidas. Por&nbsp;eso, integramos innovaci\u00f3n tecnol\u00f3gica con prop\u00f3sito social en cada etapa de la experiencia\u00a0asistencial.\t\t\t\t\t\t\t\t<\/div>\n\t\t\t\t<\/div>\n\t\t<div class=\"elementor-element elementor-element-03e8b93 e-con-full e-flex e-con e-child\" data-id=\"03e8b93\" data-element_type=\"container\">\n\t\t<div class=\"elementor-element elementor-element-7cc3b14 e-con-full e-flex e-con e-child\" data-id=\"7cc3b14\" data-element_type=\"container\" data-settings=\"{&quot;background_background&quot;:&quot;classic&quot;}\">\n\t\t\t\t<div class=\"elementor-element elementor-element-5e3f1a0 elementor-widget elementor-widget-image\" data-id=\"5e3f1a0\" data-element_type=\"widget\" data-widget_type=\"image.default\">\n\t\t\t\t<div class=\"elementor-widget-container\">\n\t\t\t\t\t\t\t\t\t\t\t\t\t\t\t<img fetchpriority=\"high\" decoding=\"async\" width=\"500\" height=\"500\" src=\"https:\/\/techvida.com.br\/wp-content\/uploads\/2026\/01\/interopera-01.gif\" class=\"attachment-large size-large wp-image-3104\" alt=\"\" \/>\t\t\t\t\t\t\t\t\t\t\t\t\t\t\t<\/div>\n\t\t\t\t<\/div>\n\t\t\t\t<div class=\"elementor-element elementor-element-36eabcb elementor-widget elementor-widget-heading\" data-id=\"36eabcb\" data-element_type=\"widget\" data-widget_type=\"heading.default\">\n\t\t\t\t<div class=\"elementor-widget-container\">\n\t\t\t\t\t<h2 class=\"elementor-heading-title elementor-size-default\">Interoperabilidad  <\/h2>\t\t\t\t<\/div>\n\t\t\t\t<\/div>\n\t\t\t\t<div class=\"elementor-element elementor-element-2439069 elementor-widget__width-initial elementor-widget elementor-widget-text-editor\" data-id=\"2439069\" data-element_type=\"widget\" data-widget_type=\"text-editor.default\">\n\t\t\t\t<div class=\"elementor-widget-container\">\n\t\t\t\t\t\t\t\t\tCumplimiento de&nbsp;los est\u00e1ndares nacionales de&nbsp;interoperabilidad y seguridad (e-SUS, LGPD).\t\t\t\t\t\t\t\t<\/div>\n\t\t\t\t<\/div>\n\t\t\t\t<\/div>\n\t\t<div class=\"elementor-element elementor-element-958e0a3 e-con-full e-flex e-con e-child\" data-id=\"958e0a3\" data-element_type=\"container\" data-settings=\"{&quot;background_background&quot;:&quot;classic&quot;}\">\n\t\t\t\t<div class=\"elementor-element elementor-element-11e6b3d elementor-widget elementor-widget-image\" data-id=\"11e6b3d\" data-element_type=\"widget\" data-widget_type=\"image.default\">\n\t\t\t\t<div class=\"elementor-widget-container\">\n\t\t\t\t\t\t\t\t\t\t\t\t\t\t\t<img decoding=\"async\" width=\"500\" height=\"500\" src=\"https:\/\/techvida.com.br\/wp-content\/uploads\/2026\/01\/estrategia-01.gif\" class=\"attachment-large size-large wp-image-3105\" alt=\"\" \/>\t\t\t\t\t\t\t\t\t\t\t\t\t\t\t<\/div>\n\t\t\t\t<\/div>\n\t\t\t\t<div class=\"elementor-element elementor-element-1d79270 elementor-widget elementor-widget-heading\" data-id=\"1d79270\" data-element_type=\"widget\" data-widget_type=\"heading.default\">\n\t\t\t\t<div class=\"elementor-widget-container\">\n\t\t\t\t\t<h2 class=\"elementor-heading-title elementor-size-default\">Articulaci\u00f3n estrat\u00e9gica<\/h2>\t\t\t\t<\/div>\n\t\t\t\t<\/div>\n\t\t\t\t<div class=\"elementor-element elementor-element-21b8823 elementor-widget__width-initial elementor-widget elementor-widget-text-editor\" data-id=\"21b8823\" data-element_type=\"widget\" data-widget_type=\"text-editor.default\">\n\t\t\t\t<div class=\"elementor-widget-container\">\n\t\t\t\t\t\t\t\t\tVinculaci\u00f3n entre universidades, empresas y&nbsp;gestores p\u00fablicos, fomentando la transferencia de&nbsp;conocimientos.\t\t\t\t\t\t\t\t<\/div>\n\t\t\t\t<\/div>\n\t\t\t\t<\/div>\n\t\t\t\t<\/div>\n\t\t<div class=\"elementor-element elementor-element-b3fabbe e-con-full e-flex e-con e-child\" data-id=\"b3fabbe\" data-element_type=\"container\">\n\t\t<div class=\"elementor-element elementor-element-deb20a7 e-con-full e-flex e-con e-child\" data-id=\"deb20a7\" data-element_type=\"container\" data-settings=\"{&quot;background_background&quot;:&quot;classic&quot;}\">\n\t\t\t\t<div class=\"elementor-element elementor-element-2ff3208 elementor-widget elementor-widget-image\" data-id=\"2ff3208\" data-element_type=\"widget\" data-widget_type=\"image.default\">\n\t\t\t\t<div class=\"elementor-widget-container\">\n\t\t\t\t\t\t\t\t\t\t\t\t\t\t\t<img decoding=\"async\" width=\"500\" height=\"500\" src=\"https:\/\/techvida.com.br\/wp-content\/uploads\/2026\/01\/validacao-01.gif\" class=\"attachment-large size-large wp-image-3106\" alt=\"\" \/>\t\t\t\t\t\t\t\t\t\t\t\t\t\t\t<\/div>\n\t\t\t\t<\/div>\n\t\t\t\t<div class=\"elementor-element elementor-element-c24a6c6 elementor-widget elementor-widget-heading\" data-id=\"c24a6c6\" data-element_type=\"widget\" data-widget_type=\"heading.default\">\n\t\t\t\t<div class=\"elementor-widget-container\">\n\t\t\t\t\t<h2 class=\"elementor-heading-title elementor-size-default\">Validaci\u00f3n en entornos reales<\/h2>\t\t\t\t<\/div>\n\t\t\t\t<\/div>\n\t\t\t\t<div class=\"elementor-element elementor-element-1bf62de elementor-widget__width-initial elementor-widget elementor-widget-text-editor\" data-id=\"1bf62de\" data-element_type=\"widget\" data-widget_type=\"text-editor.default\">\n\t\t\t\t<div class=\"elementor-widget-container\">\n\t\t\t\t\t\t\t\t\tPruebas e implementaci\u00f3n de soluciones en\u00a0contextos reales de&nbsp;atenci\u00f3n en salud.\t\t\t\t\t\t\t\t<\/div>\n\t\t\t\t<\/div>\n\t\t\t\t<\/div>\n\t\t<div class=\"elementor-element elementor-element-0cb8d5a e-con-full e-flex e-con e-child\" data-id=\"0cb8d5a\" data-element_type=\"container\" data-settings=\"{&quot;background_background&quot;:&quot;classic&quot;}\">\n\t\t\t\t<div class=\"elementor-element elementor-element-cd92a1d elementor-widget elementor-widget-image\" data-id=\"cd92a1d\" data-element_type=\"widget\" data-widget_type=\"image.default\">\n\t\t\t\t<div class=\"elementor-widget-container\">\n\t\t\t\t\t\t\t\t\t\t\t\t\t\t\t<img loading=\"lazy\" decoding=\"async\" width=\"500\" height=\"500\" src=\"https:\/\/techvida.com.br\/wp-content\/uploads\/2026\/01\/equipe-01.gif\" class=\"attachment-large size-large wp-image-3107\" alt=\"\" \/>\t\t\t\t\t\t\t\t\t\t\t\t\t\t\t<\/div>\n\t\t\t\t<\/div>\n\t\t\t\t<div class=\"elementor-element elementor-element-8c51fa5 elementor-widget elementor-widget-heading\" data-id=\"8c51fa5\" data-element_type=\"widget\" data-widget_type=\"heading.default\">\n\t\t\t\t<div class=\"elementor-widget-container\">\n\t\t\t\t\t<h2 class=\"elementor-heading-title elementor-size-default\">Equipo multidisciplinar<\/h2>\t\t\t\t<\/div>\n\t\t\t\t<\/div>\n\t\t\t\t<div class=\"elementor-element elementor-element-ddf8433 elementor-widget__width-initial elementor-widget elementor-widget-text-editor\" data-id=\"ddf8433\" data-element_type=\"widget\" data-widget_type=\"text-editor.default\">\n\t\t\t\t<div class=\"elementor-widget-container\">\n\t\t\t\t\t\t\t\t\tProfesionales con amplia experiencia en&nbsp;ciencia, tecnolog\u00eda, innovaci\u00f3n y&nbsp;salud, cuya diversidad de\u00a0saberes y&nbsp;trayectorias convierte el conocimiento en\u00a0soluciones digitales de impacto social, promoviendo sistemas de salud m\u00e1s equitativos, inteligentes y&nbsp;sostenibles.\t\t\t\t\t\t\t\t<\/div>\n\t\t\t\t<\/div>\n\t\t\t\t<\/div>\n\t\t\t\t<\/div>\n\t\t\t\t\t<\/div>\n\t\t\t\t<\/div>\n\t\t\t\t<\/div>\n\t\t","protected":false},"excerpt":{"rendered":"<p>Diferenciales Creemos que transformar la&nbsp;salud es transformar vidas. Por&nbsp;eso, integramos innovaci\u00f3n tecnol\u00f3gica con prop\u00f3sito social en cada etapa de la experiencia\u00a0asistencial. Interoperabilidad Cumplimiento de&nbsp;los est\u00e1ndares nacionales de&nbsp;interoperabilidad y seguridad (e-SUS, LGPD). Articulaci\u00f3n estrat\u00e9gica Vinculaci\u00f3n entre universidades, empresas y&nbsp;gestores p\u00fablicos, fomentando la transferencia de&nbsp;conocimientos. Validaci\u00f3n en entornos reales Pruebas e implementaci\u00f3n de soluciones en\u00a0contextos reales de&nbsp;atenci\u00f3n [&hellip;]<\/p>\n","protected":false},"author":1,"featured_media":0,"parent":0,"menu_order":0,"comment_status":"closed","ping_status":"closed","template":"","meta":{"_lmt_disableupdate":"","_lmt_disable":"","footnotes":""},"class_list":["post-3109","page","type-page","status-publish","hentry"],"_links":{"self":[{"href":"https:\/\/techvida.com.br\/es\/wp-json\/wp\/v2\/pages\/3109","targetHints":{"allow":["GET"]}}],"collection":[{"href":"https:\/\/techvida.com.br\/es\/wp-json\/wp\/v2\/pages"}],"about":[{"href":"https:\/\/techvida.com.br\/es\/wp-json\/wp\/v2\/types\/page"}],"author":[{"embeddable":true,"href":"https:\/\/techvida.com.br\/es\/wp-json\/wp\/v2\/users\/1"}],"replies":[{"embeddable":true,"href":"https:\/\/techvida.com.br\/es\/wp-json\/wp\/v2\/comments?post=3109"}],"version-history":[{"count":19,"href":"https:\/\/techvida.com.br\/es\/wp-json\/wp\/v2\/pages\/3109\/revisions"}],"predecessor-version":[{"id":4256,"href":"https:\/\/techvida.com.br\/es\/wp-json\/wp\/v2\/pages\/3109\/revisions\/4256"}],"wp:attachment":[{"href":"https:\/\/techvida.com.br\/es\/wp-json\/wp\/v2\/media?parent=3109"}],"curies":[{"name":"wp","href":"https:\/\/api.w.org\/{rel}","templated":true}]}}